{"id":6363,"date":"2018-04-08T10:36:14","date_gmt":"2018-04-08T08:36:14","guid":{"rendered":"https:\/\/singledoutfilm.com\/creditos\/"},"modified":"2018-06-05T11:49:21","modified_gmt":"2018-06-05T09:49:21","slug":"credits","status":"publish","type":"page","link":"https:\/\/singledoutfilm.com\/ca\/credits\/","title":{"rendered":"Cr\u00e8dits"},"content":{"rendered":"[vc_row type=&#8221;in_container&#8221; full_screen_row_position=&#8221;middle&#8221; equal_height=&#8221;yes&#8221; content_placement=&#8221;middle&#8221; scene_position=&#8221;center&#8221; text_color=&#8221;dark&#8221; text_align=&#8221;left&#8221; overlay_strength=&#8221;0.3&#8243; shape_divider_position=&#8221;bottom&#8221; shape_type=&#8221;&#8221;][vc_column column_padding=&#8221;no-extra-padding&#8221; column_padding_position=&#8221;all&#8221; background_color_opacity=&#8221;1&#8243; background_hover_color_opacity=&#8221;1&#8243; column_shadow=&#8221;none&#8221; column_border_radius=&#8221;none&#8221; width=&#8221;1\/4&#8243; tablet_text_alignment=&#8221;default&#8221; phone_text_alignment=&#8221;default&#8221; column_border_width=&#8221;none&#8221; column_border_style=&#8221;solid&#8221; offset=&#8221;vc_hidden-sm vc_hidden-xs&#8221;][image_with_animation image_url=&#8221;6003&#8243; alignment=&#8221;center&#8221; animation=&#8221;Fade In&#8221; border_radius=&#8221;none&#8221; box_shadow=&#8221;none&#8221; max_width=&#8221;100%&#8221;][\/vc_column][vc_column column_padding=&#8221;no-extra-padding&#8221; column_padding_position=&#8221;all&#8221; background_color_opacity=&#8221;1&#8243; background_hover_color_opacity=&#8221;1&#8243; column_shadow=&#8221;none&#8221; column_border_radius=&#8221;none&#8221; width=&#8221;1\/2&#8243; tablet_text_alignment=&#8221;default&#8221; phone_text_alignment=&#8221;default&#8221; column_border_width=&#8221;none&#8221; column_border_style=&#8221;solid&#8221;][vc_column_text]\n<h3 style=\"text-align: center;\"><strong>SINGLED [OUT]. ESPANYA, TURQUIA, 2017<\/strong><\/h3>\n<p style=\"text-align: center;\"><strong>Durada: <\/strong>70\u2019 \/ 54\u2019\u00a0\u00a0 <strong>Format: <\/strong>1.85<br \/>\n<strong>Versi\u00f3 original:\u00a0<\/strong>Angl\u00e9s, Xin\u00e8s, Catal\u00e0, Turc, Castell\u00e0<\/p>\n[\/vc_column_text][divider line_type=&#8221;No Line&#8221; custom_height=&#8221;50&#8243;][vc_column_text]<strong>Direccio\u0301 i Gui\u00f3: <\/strong>Mariona Guiu, Ariadna Relea<\/p>\n<p><strong>Producci\u00f3 executiva<\/strong>: Ariadna Relea, Mariona Guiu, Bel\u00e9n S\u00e1nchez<\/p>\n<p><strong>Coproductores:<\/strong> Derya Terim, G\u00fclen G\u00fcler<\/p>\n<p><strong>En coproducci\u00f3 amb<\/strong> Televisio\u0301 de Catalunya, <a href=\"http:\/\/www.lacivertfilm.com\/\" target=\"_blank\" rel=\"noopener\">Lacivert Film Production Ltd<\/a><\/p>\n<p><strong>Productora associada:<\/strong> <a href=\"http:\/\/uncaprichoproducciones.com\/\" target=\"_blank\" rel=\"noopener\">Un capricho de producciones<\/a><\/p>\n<p><strong>Amb el recolzament de<\/strong> Eurimages i ICEC<\/p>\n<p>&nbsp;<\/p>\n<p><strong>Fotografia: <\/strong>Ariadna Relea, en color<\/p>\n<p><strong>M\u00fasica original: <\/strong>Tolo Prats<\/p>\n<p><strong>Edici\u00f3: <\/strong>Ariadna Relea<\/p>\n<p><strong>Edici\u00f3 addicional:<\/strong> N\u00faria Campabadal<\/p>\n<p><strong>So directe:<\/strong> Murat Acikalin<\/p>\n<p><strong>Director unitat a Turquia: <\/strong>G\u00fcliz Saglam<\/p>\n<p><strong>Disseny de so:<\/strong> Miquell Llin\u00e0s per a <a href=\"http:\/\/www.sonoteque.com\" target=\"_blank\" rel=\"noopener\">Sonoteque<\/a><\/p>\n<p><strong>Postproducci\u00f3 de color: <\/strong>Aaron Pedraza per a <a href=\"https:\/\/www.antavianafilms.com\" target=\"_blank\" rel=\"noopener\">Antaviana Films<\/a><\/p>\n<p><strong>Grafisme: <\/strong>Anna Aragon\u00e8s per a <a href=\"https:\/\/www.antavianafilms.com\" target=\"_blank\" rel=\"noopener\">Antaviana Films<\/a><\/p>\n<p><strong>Produ\u00eft per <\/strong>Suricata Stories<\/p>\n<p><strong>Vendes internacionals<\/strong>: <a href=\"http:\/\/www.riseandshine-berlin.com\" target=\"_blank\" rel=\"noopener\">Rise and Shine<\/a><\/p>\n<p><strong>Campanya de Crowdfunding:<\/strong> Lara McKinley (Austr\u00e0lia), Ana Casta\u00f1osa (Espanya)<\/p>\n<p><strong>Art i p\u00f3ster<\/strong>: <a href=\"https:\/\/www.behance.net\/coqueazcona\" target=\"_blank\" rel=\"noopener\">Coqu\u00e9 Azcona<\/a><\/p>\n<p><strong>Disseny gr\u00e0fic: <\/strong>Pere Relea, Adriana Per\u00f3n, Robin Van Der Berg<\/p>\n<p><strong>Web:<\/strong> <a href=\"http:\/\/yvonnefuertes.com\/\" target=\"_blank\" rel=\"noopener\">Yvonne Fuertes<\/a><\/p>\n<p>&nbsp;<\/p>\n<p><strong>Intervenen: <\/strong>Jules Gibson,\u00a0Yan Ge, Yang Shu, Manuela Ripoll\u00e9s, Melek M. K\u00fc\u00e7ukuzun<\/p>\n<p><strong>Amb la participaci\u00f3 de:<\/strong> <a href=\"https:\/\/en.wikipedia.org\/wiki\/Eva_Cox\" target=\"_blank\" rel=\"noopener\">Eva Cox<\/a> (soci\u00f2loga), <a href=\"https:\/\/en.wikipedia.org\/wiki\/Eva_Illouz\" target=\"_blank\" rel=\"noopener\">Eva Illouz<\/a> (soci\u00f2loga), <a href=\"https:\/\/en.wikipedia.org\/wiki\/Li_Yinhe\" target=\"_blank\" rel=\"noopener\">Li Yinhe<\/a> (soci\u00f2loga i sex\u00f2loga), <a href=\"http:\/\/ced.uab.es\/en\/directori\/albert-esteve-palos\/\" target=\"_blank\" rel=\"noopener\">Albert Esteve<\/a> (dem\u00f2graf), <a href=\"http:\/\/www.letahongfincher.com\/\" target=\"_blank\" rel=\"noopener\">Leta Hong\u00a0Fincher<\/a> (soci\u00f2loga) i Hulya Gulbahar (advocada i activista).[\/vc_column_text][divider line_type=&#8221;No Line&#8221; custom_height=&#8221;30&#8243;][\/vc_column][vc_column column_padding=&#8221;no-extra-padding&#8221; column_padding_position=&#8221;all&#8221; background_color_opacity=&#8221;1&#8243; background_hover_color_opacity=&#8221;1&#8243; column_shadow=&#8221;none&#8221; column_border_radius=&#8221;none&#8221; width=&#8221;1\/4&#8243; tablet_text_alignment=&#8221;default&#8221; phone_text_alignment=&#8221;default&#8221; column_border_width=&#8221;none&#8221; column_border_style=&#8221;solid&#8221;][\/vc_column][\/vc_row][vc_row type=&#8221;in_container&#8221; full_screen_row_position=&#8221;middle&#8221; scene_position=&#8221;center&#8221; text_color=&#8221;dark&#8221; text_align=&#8221;left&#8221; overlay_strength=&#8221;0.3&#8243; shape_divider_position=&#8221;bottom&#8221;][vc_column column_padding=&#8221;no-extra-padding&#8221; column_padding_position=&#8221;all&#8221; background_color_opacity=&#8221;1&#8243; background_hover_color_opacity=&#8221;1&#8243; column_shadow=&#8221;none&#8221; column_border_radius=&#8221;none&#8221; width=&#8221;1\/1&#8243; tablet_text_alignment=&#8221;default&#8221; phone_text_alignment=&#8221;default&#8221; column_border_width=&#8221;none&#8221; column_border_style=&#8221;solid&#8221; offset=&#8221;vc_hidden-sm vc_hidden-xs&#8221;][image_with_animation image_url=&#8221;5999&#8243; alignment=&#8221;center&#8221; animation=&#8221;None&#8221; border_radius=&#8221;none&#8221; box_shadow=&#8221;none&#8221; max_width=&#8221;100%&#8221;][\/vc_column][\/vc_row][vc_row type=&#8221;in_container&#8221; full_screen_row_position=&#8221;middle&#8221; scene_position=&#8221;center&#8221; text_color=&#8221;dark&#8221; text_align=&#8221;left&#8221; overlay_strength=&#8221;0.3&#8243; shape_divider_position=&#8221;bottom&#8221;][vc_column column_padding=&#8221;no-extra-padding&#8221; column_padding_position=&#8221;all&#8221; background_color_opacity=&#8221;1&#8243; background_hover_color_opacity=&#8221;1&#8243; column_shadow=&#8221;none&#8221; column_border_radius=&#8221;none&#8221; width=&#8221;1\/1&#8243; tablet_text_alignment=&#8221;default&#8221; phone_text_alignment=&#8221;default&#8221; column_border_width=&#8221;none&#8221; column_border_style=&#8221;solid&#8221; offset=&#8221;vc_hidden-lg vc_hidden-md&#8221;][image_with_animation image_url=&#8221;6022&#8243; alignment=&#8221;center&#8221; animation=&#8221;None&#8221; border_radius=&#8221;none&#8221; box_shadow=&#8221;none&#8221; max_width=&#8221;100%&#8221;][\/vc_column][\/vc_row][vc_row type=&#8221;full_width_background&#8221; full_screen_row_position=&#8221;middle&#8221; bg_image=&#8221;6275&#8243; bg_position=&#8221;right center&#8221; bg_repeat=&#8221;no-repeat&#8221; parallax_bg=&#8221;true&#8221; parallax_bg_speed=&#8221;fast&#8221; scene_position=&#8221;center&#8221; text_color=&#8221;dark&#8221; text_align=&#8221;left&#8221; overlay_strength=&#8221;0.3&#8243; shape_divider_position=&#8221;bottom&#8221; shape_type=&#8221;&#8221;][vc_column column_padding=&#8221;no-extra-padding&#8221; column_padding_position=&#8221;all&#8221; background_color_opacity=&#8221;1&#8243; background_hover_color_opacity=&#8221;1&#8243; column_shadow=&#8221;none&#8221; column_border_radius=&#8221;none&#8221; width=&#8221;1\/1&#8243; tablet_text_alignment=&#8221;default&#8221; phone_text_alignment=&#8221;default&#8221; column_border_width=&#8221;none&#8221; column_border_style=&#8221;solid&#8221;][divider line_type=&#8221;No Line&#8221; custom_height=&#8221;400&#8243;][\/vc_column][\/vc_row][vc_row type=&#8221;in_container&#8221; full_screen_row_position=&#8221;middle&#8221; scene_position=&#8221;center&#8221; text_color=&#8221;dark&#8221; text_align=&#8221;left&#8221; overlay_strength=&#8221;0.3&#8243; shape_divider_position=&#8221;bottom&#8221;][vc_column column_padding=&#8221;no-extra-padding&#8221; column_padding_position=&#8221;all&#8221; background_color_opacity=&#8221;1&#8243; background_hover_color_opacity=&#8221;1&#8243; column_shadow=&#8221;none&#8221; column_border_radius=&#8221;none&#8221; width=&#8221;1\/4&#8243; tablet_text_alignment=&#8221;default&#8221; phone_text_alignment=&#8221;default&#8221; column_border_width=&#8221;none&#8221; column_border_style=&#8221;solid&#8221;][\/vc_column][vc_column column_padding=&#8221;no-extra-padding&#8221; column_padding_position=&#8221;all&#8221; background_color_opacity=&#8221;1&#8243; background_hover_color_opacity=&#8221;1&#8243; column_shadow=&#8221;none&#8221; column_border_radius=&#8221;none&#8221; width=&#8221;1\/2&#8243; tablet_text_alignment=&#8221;default&#8221; phone_text_alignment=&#8221;default&#8221; column_border_width=&#8221;none&#8221; column_border_style=&#8221;solid&#8221;][divider line_type=&#8221;No Line&#8221; custom_height=&#8221;30&#8243;][image_with_animation image_url=&#8221;6004&#8243; alignment=&#8221;center&#8221; animation=&#8221;Fade In&#8221; border_radius=&#8221;none&#8221; box_shadow=&#8221;none&#8221; max_width=&#8221;100%&#8221;][\/vc_column][vc_column column_padding=&#8221;no-extra-padding&#8221; column_padding_position=&#8221;all&#8221; background_color_opacity=&#8221;1&#8243; background_hover_color_opacity=&#8221;1&#8243; column_shadow=&#8221;none&#8221; column_border_radius=&#8221;none&#8221; width=&#8221;1\/4&#8243; tablet_text_alignment=&#8221;default&#8221; phone_text_alignment=&#8221;default&#8221; column_border_width=&#8221;none&#8221; column_border_style=&#8221;solid&#8221;][\/vc_column][\/vc_row]\n","protected":false},"excerpt":{"rendered":"<p>[vc_row type=&#8221;in_container&#8221; full_screen_row_position=&#8221;middle&#8221; equal_height=&#8221;yes&#8221; content_placement=&#8221;middle&#8221; scene_position=&#8221;center&#8221; text_color=&#8221;dark&#8221; text_align=&#8221;left&#8221; overlay_strength=&#8221;0.3&#8243; shape_divider_position=&#8221;bottom&#8221; shape_type=&#8221;&#8221;][vc_column column_padding=&#8221;no-extra-padding&#8221; column_padding_position=&#8221;all&#8221; background_color_opacity=&#8221;1&#8243; background_hover_color_opacity=&#8221;1&#8243; column_shadow=&#8221;none&#8221; column_border_radius=&#8221;none&#8221; width=&#8221;1\/4&#8243; tablet_text_alignment=&#8221;default&#8221; phone_text_alignment=&#8221;default&#8221; column_border_width=&#8221;none&#8221; column_border_style=&#8221;solid&#8221; offset=&#8221;vc_hidden-sm vc_hidden-xs&#8221;][image_with_animation image_url=&#8221;6003&#8243;&#8230;<\/p>\n","protected":false},"author":1,"featured_media":0,"parent":0,"menu_order":0,"comment_status":"closed","ping_status":"closed","template":"","meta":{"footnotes":""},"class_list":["post-6363","page","type-page","status-publish"],"yoast_head":"<!-- This site is optimized with the Yoast SEO plugin v26.8 - https:\/\/yoast.com\/product\/yoast-seo-wordpress\/ -->\n<title>Cr\u00e8dits - Singled [Out] Film<\/title>\n<meta name=\"robots\" content=\"index, follow, max-snippet:-1, max-image-preview:large, max-video-preview:-1\" \/>\n<link rel=\"canonical\" href=\"https:\/\/singledoutfilm.com\/ca\/credits\/\" \/>\n<meta property=\"og:locale\" content=\"ca_ES\" \/>\n<meta property=\"og:type\" content=\"article\" \/>\n<meta property=\"og:title\" content=\"Cr\u00e8dits - Singled [Out] Film\" \/>\n<meta property=\"og:description\" content=\"[vc_row type=&#8221;in_container&#8221; full_screen_row_position=&#8221;middle&#8221; equal_height=&#8221;yes&#8221; content_placement=&#8221;middle&#8221; scene_position=&#8221;center&#8221; text_color=&#8221;dark&#8221; text_align=&#8221;left&#8221; overlay_strength=&#8221;0.3&#8243; shape_divider_position=&#8221;bottom&#8221; shape_type=&#8221;&#8221;][vc_column column_padding=&#8221;no-extra-padding&#8221; column_padding_position=&#8221;all&#8221; background_color_opacity=&#8221;1&#8243; background_hover_color_opacity=&#8221;1&#8243; column_shadow=&#8221;none&#8221; column_border_radius=&#8221;none&#8221; width=&#8221;1\/4&#8243; tablet_text_alignment=&#8221;default&#8221; phone_text_alignment=&#8221;default&#8221; column_border_width=&#8221;none&#8221; column_border_style=&#8221;solid&#8221; offset=&#8221;vc_hidden-sm vc_hidden-xs&#8221;][image_with_animation image_url=&#8221;6003&#8243;...\" \/>\n<meta property=\"og:url\" content=\"https:\/\/singledoutfilm.com\/ca\/credits\/\" \/>\n<meta property=\"og:site_name\" content=\"Singled [Out] Film\" \/>\n<meta property=\"article:modified_time\" content=\"2018-06-05T09:49:21+00:00\" \/>\n<meta name=\"twitter:card\" content=\"summary_large_image\" \/>\n<meta name=\"twitter:label1\" content=\"Temps estimat de lectura\" \/>\n\t<meta name=\"twitter:data1\" content=\"4 minuts\" \/>\n<script type=\"application\/ld+json\" class=\"yoast-schema-graph\">{\"@context\":\"https:\/\/schema.org\",\"@graph\":[{\"@type\":\"WebPage\",\"@id\":\"https:\/\/singledoutfilm.com\/ca\/credits\/\",\"url\":\"https:\/\/singledoutfilm.com\/ca\/credits\/\",\"name\":\"Cr\u00e8dits - Singled [Out] Film\",\"isPartOf\":{\"@id\":\"https:\/\/singledoutfilm.com\/#website\"},\"datePublished\":\"2018-04-08T08:36:14+00:00\",\"dateModified\":\"2018-06-05T09:49:21+00:00\",\"breadcrumb\":{\"@id\":\"https:\/\/singledoutfilm.com\/ca\/credits\/#breadcrumb\"},\"inLanguage\":\"ca\",\"potentialAction\":[{\"@type\":\"ReadAction\",\"target\":[\"https:\/\/singledoutfilm.com\/ca\/credits\/\"]}]},{\"@type\":\"BreadcrumbList\",\"@id\":\"https:\/\/singledoutfilm.com\/ca\/credits\/#breadcrumb\",\"itemListElement\":[{\"@type\":\"ListItem\",\"position\":1,\"name\":\"Portada\",\"item\":\"https:\/\/singledoutfilm.com\/ca\/\"},{\"@type\":\"ListItem\",\"position\":2,\"name\":\"Cr\u00e8dits\"}]},{\"@type\":\"WebSite\",\"@id\":\"https:\/\/singledoutfilm.com\/#website\",\"url\":\"https:\/\/singledoutfilm.com\/\",\"name\":\"Singled [Out] Film\",\"description\":\"A documentary film by Mariona Guiu and Ariadna Relea\",\"publisher\":{\"@id\":\"https:\/\/singledoutfilm.com\/#organization\"},\"potentialAction\":[{\"@type\":\"SearchAction\",\"target\":{\"@type\":\"EntryPoint\",\"urlTemplate\":\"https:\/\/singledoutfilm.com\/?s={search_term_string}\"},\"query-input\":{\"@type\":\"PropertyValueSpecification\",\"valueRequired\":true,\"valueName\":\"search_term_string\"}}],\"inLanguage\":\"ca\"},{\"@type\":\"Organization\",\"@id\":\"https:\/\/singledoutfilm.com\/#organization\",\"name\":\"Singled [Out] Film\",\"url\":\"https:\/\/singledoutfilm.com\/\",\"logo\":{\"@type\":\"ImageObject\",\"inLanguage\":\"ca\",\"@id\":\"https:\/\/singledoutfilm.com\/#\/schema\/logo\/image\/\",\"url\":\"https:\/\/singledoutfilm.com\/wp-content\/uploads\/2018\/01\/singled-out-film-logo.png\",\"contentUrl\":\"https:\/\/singledoutfilm.com\/wp-content\/uploads\/2018\/01\/singled-out-film-logo.png\",\"width\":250,\"height\":94,\"caption\":\"Singled [Out] Film\"},\"image\":{\"@id\":\"https:\/\/singledoutfilm.com\/#\/schema\/logo\/image\/\"}}]}<\/script>\n<!-- \/ Yoast SEO plugin. -->","yoast_head_json":{"title":"Cr\u00e8dits - Singled [Out] Film","robots":{"index":"index","follow":"follow","max-snippet":"max-snippet:-1","max-image-preview":"max-image-preview:large","max-video-preview":"max-video-preview:-1"},"canonical":"https:\/\/singledoutfilm.com\/ca\/credits\/","og_locale":"ca_ES","og_type":"article","og_title":"Cr\u00e8dits - Singled [Out] Film","og_description":"[vc_row type=&#8221;in_container&#8221; full_screen_row_position=&#8221;middle&#8221; equal_height=&#8221;yes&#8221; content_placement=&#8221;middle&#8221; scene_position=&#8221;center&#8221; text_color=&#8221;dark&#8221; text_align=&#8221;left&#8221; overlay_strength=&#8221;0.3&#8243; shape_divider_position=&#8221;bottom&#8221; shape_type=&#8221;&#8221;][vc_column column_padding=&#8221;no-extra-padding&#8221; column_padding_position=&#8221;all&#8221; background_color_opacity=&#8221;1&#8243; background_hover_color_opacity=&#8221;1&#8243; column_shadow=&#8221;none&#8221; column_border_radius=&#8221;none&#8221; width=&#8221;1\/4&#8243; tablet_text_alignment=&#8221;default&#8221; phone_text_alignment=&#8221;default&#8221; column_border_width=&#8221;none&#8221; column_border_style=&#8221;solid&#8221; offset=&#8221;vc_hidden-sm vc_hidden-xs&#8221;][image_with_animation image_url=&#8221;6003&#8243;...","og_url":"https:\/\/singledoutfilm.com\/ca\/credits\/","og_site_name":"Singled [Out] Film","article_modified_time":"2018-06-05T09:49:21+00:00","twitter_card":"summary_large_image","twitter_misc":{"Temps estimat de lectura":"4 minuts"},"schema":{"@context":"https:\/\/schema.org","@graph":[{"@type":"WebPage","@id":"https:\/\/singledoutfilm.com\/ca\/credits\/","url":"https:\/\/singledoutfilm.com\/ca\/credits\/","name":"Cr\u00e8dits - Singled [Out] Film","isPartOf":{"@id":"https:\/\/singledoutfilm.com\/#website"},"datePublished":"2018-04-08T08:36:14+00:00","dateModified":"2018-06-05T09:49:21+00:00","breadcrumb":{"@id":"https:\/\/singledoutfilm.com\/ca\/credits\/#breadcrumb"},"inLanguage":"ca","potentialAction":[{"@type":"ReadAction","target":["https:\/\/singledoutfilm.com\/ca\/credits\/"]}]},{"@type":"BreadcrumbList","@id":"https:\/\/singledoutfilm.com\/ca\/credits\/#breadcrumb","itemListElement":[{"@type":"ListItem","position":1,"name":"Portada","item":"https:\/\/singledoutfilm.com\/ca\/"},{"@type":"ListItem","position":2,"name":"Cr\u00e8dits"}]},{"@type":"WebSite","@id":"https:\/\/singledoutfilm.com\/#website","url":"https:\/\/singledoutfilm.com\/","name":"Singled [Out] Film","description":"A documentary film by Mariona Guiu and Ariadna Relea","publisher":{"@id":"https:\/\/singledoutfilm.com\/#organization"},"potentialAction":[{"@type":"SearchAction","target":{"@type":"EntryPoint","urlTemplate":"https:\/\/singledoutfilm.com\/?s={search_term_string}"},"query-input":{"@type":"PropertyValueSpecification","valueRequired":true,"valueName":"search_term_string"}}],"inLanguage":"ca"},{"@type":"Organization","@id":"https:\/\/singledoutfilm.com\/#organization","name":"Singled [Out] Film","url":"https:\/\/singledoutfilm.com\/","logo":{"@type":"ImageObject","inLanguage":"ca","@id":"https:\/\/singledoutfilm.com\/#\/schema\/logo\/image\/","url":"https:\/\/singledoutfilm.com\/wp-content\/uploads\/2018\/01\/singled-out-film-logo.png","contentUrl":"https:\/\/singledoutfilm.com\/wp-content\/uploads\/2018\/01\/singled-out-film-logo.png","width":250,"height":94,"caption":"Singled [Out] Film"},"image":{"@id":"https:\/\/singledoutfilm.com\/#\/schema\/logo\/image\/"}}]}},"_links":{"self":[{"href":"https:\/\/singledoutfilm.com\/ca\/wp-json\/wp\/v2\/pages\/6363","targetHints":{"allow":["GET"]}}],"collection":[{"href":"https:\/\/singledoutfilm.com\/ca\/wp-json\/wp\/v2\/pages"}],"about":[{"href":"https:\/\/singledoutfilm.com\/ca\/wp-json\/wp\/v2\/types\/page"}],"author":[{"embeddable":true,"href":"https:\/\/singledoutfilm.com\/ca\/wp-json\/wp\/v2\/users\/1"}],"replies":[{"embeddable":true,"href":"https:\/\/singledoutfilm.com\/ca\/wp-json\/wp\/v2\/comments?post=6363"}],"version-history":[{"count":3,"href":"https:\/\/singledoutfilm.com\/ca\/wp-json\/wp\/v2\/pages\/6363\/revisions"}],"predecessor-version":[{"id":6691,"href":"https:\/\/singledoutfilm.com\/ca\/wp-json\/wp\/v2\/pages\/6363\/revisions\/6691"}],"wp:attachment":[{"href":"https:\/\/singledoutfilm.com\/ca\/wp-json\/wp\/v2\/media?parent=6363"}],"curies":[{"name":"wp","href":"https:\/\/api.w.org\/{rel}","templated":true}]}}