{"id":6369,"date":"2018-04-08T10:36:04","date_gmt":"2018-04-08T08:36:04","guid":{"rendered":"https:\/\/singledoutfilm.com\/la-pelicula\/"},"modified":"2018-06-04T14:34:31","modified_gmt":"2018-06-04T12:34:31","slug":"la-pel%c2%b7licula","status":"publish","type":"page","link":"https:\/\/singledoutfilm.com\/ca\/la-pel%c2%b7licula\/","title":{"rendered":"La pel\u00b7l\u00edcula"},"content":{"rendered":"[vc_row type=&#8221;full_width_content&#8221; full_screen_row_position=&#8221;top&#8221; equal_height=&#8221;yes&#8221; content_placement=&#8221;bottom&#8221; bg_image=&#8221;6172&#8243; bg_position=&#8221;center center&#8221; bg_repeat=&#8221;no-repeat&#8221; full_height=&#8221;yes&#8221; scene_position=&#8221;center&#8221; text_color=&#8221;light&#8221; text_align=&#8221;left&#8221; bottom_padding=&#8221;7%&#8221; enable_gradient=&#8221;true&#8221; color_overlay=&#8221;#000000&#8243; color_overlay_2=&#8221;rgba(0,0,0,0.42)&#8221; gradient_direction=&#8221;left_to_right&#8221; overlay_strength=&#8221;0.8&#8243; shape_divider_position=&#8221;bottom&#8221; shape_type=&#8221;&#8221;][vc_column column_padding=&#8221;padding-3-percent&#8221; column_padding_position=&#8221;all&#8221; background_color_opacity=&#8221;0.7&#8243; background_hover_color_opacity=&#8221;1&#8243; font_color=&#8221;#ffffff&#8221; column_shadow=&#8221;none&#8221; column_border_radius=&#8221;none&#8221; top_margin=&#8221;5%&#8221; width=&#8221;2\/3&#8243; tablet_text_alignment=&#8221;default&#8221; phone_text_alignment=&#8221;default&#8221; column_border_width=&#8221;none&#8221; column_border_style=&#8221;solid&#8221;][vc_row_inner column_margin=&#8221;default&#8221; text_align=&#8221;left&#8221;][vc_column_inner column_padding=&#8221;padding-10-percent&#8221; column_padding_position=&#8221;all&#8221; background_color_opacity=&#8221;0.6&#8243; background_hover_color_opacity=&#8221;1&#8243; column_shadow=&#8221;none&#8221; column_border_radius=&#8221;none&#8221; width=&#8221;1\/1&#8243; column_border_width=&#8221;none&#8221; column_border_style=&#8221;solid&#8221;][vc_custom_heading text=&#8221;singled out&#8221; font_container=&#8221;tag:h2|font_size:45|text_align:left|color:%23ffffff|line_height:30px&#8221; google_fonts=&#8221;font_family:PT%20Serif%3Aregular%2Citalic%2C700%2C700italic|font_style:400%20regular%3A400%3Anormal&#8221;][vc_custom_heading text=&#8221;\/s\u026a\u014b\u0261(\u0259)ld a\u028at \/&#8221; font_container=&#8221;tag:p|text_align:left|color:%23ffffff&#8221; use_theme_fonts=&#8221;yes&#8221;][vc_custom_heading text=&#8221;Adj. Masc i Fem, Sing. i Pl.&#8221; font_container=&#8221;tag:p|text_align:left|color:%23ffffff&#8221; google_fonts=&#8221;font_family:PT%20Serif%3Aregular%2Citalic%2C700%2C700italic|font_style:400%20italic%3A400%3Aitalic&#8221; css=&#8221;.vc_custom_1527245389300{margin-top: -10px !important;}&#8221;][vc_column_text]En angl\u00e8s <strong>\u201csingle\u201d<\/strong> significa <strong>solter<\/strong>. Tamb\u00e9 significa un de sol, una <strong>unitat singular<\/strong>.<\/p>\n<p>L\u2019adverbi <strong>\u201cout\u201d<\/strong> significa <strong>fora<\/strong> i sovint s\u2019utilitza com a complement nominal perqu\u00e8 noms i adjectius adquireixin una <strong>funci\u00f3 excloent<\/strong>, per\u00f2 tamb\u00e9 <strong>exclusiva<\/strong>.<\/p>\n<p>Quan \u201csingle\u201d es converteix en participi i va acompanyat de la preposici\u00f3 \u201cout\u201d, agafa una nova connotaci\u00f3: <strong>\u201cSingled out\u201d<\/strong> significa <strong>assenyalat\/s<\/strong>. En el cas que ens ocupa: <strong>assenyalades<\/strong>.<\/p>\n<p>Assenyalades en el sentit pejoratiu de diferents, gaireb\u00e9 <strong>rares<\/strong>.<\/p>\n<p>Per\u00f2 tamb\u00e9 en sentit positiu: singulars, escollides, selectes.<strong> \u00daniques.<\/strong>[\/vc_column_text][\/vc_column_inner][\/vc_row_inner][\/vc_column][vc_column column_padding=&#8221;no-extra-padding&#8221; column_padding_position=&#8221;all&#8221; background_color_opacity=&#8221;1&#8243; background_hover_color_opacity=&#8221;1&#8243; column_shadow=&#8221;none&#8221; column_border_radius=&#8221;none&#8221; width=&#8221;1\/3&#8243; tablet_text_alignment=&#8221;default&#8221; phone_text_alignment=&#8221;default&#8221; column_border_width=&#8221;none&#8221; column_border_style=&#8221;solid&#8221;][\/vc_column][\/vc_row][vc_row type=&#8221;full_width_background&#8221; full_screen_row_position=&#8221;middle&#8221; equal_height=&#8221;yes&#8221; content_placement=&#8221;middle&#8221; full_height=&#8221;yes&#8221; scene_position=&#8221;center&#8221; text_color=&#8221;dark&#8221; text_align=&#8221;left&#8221; top_padding=&#8221;0&#8243; bottom_padding=&#8221;7%&#8221; id=&#8221;singled-que&#8221; overlay_strength=&#8221;0.3&#8243; shape_divider_position=&#8221;bottom&#8221; shape_type=&#8221;&#8221;][vc_column column_padding=&#8221;no-extra-padding&#8221; column_padding_position=&#8221;all&#8221; background_color_opacity=&#8221;1&#8243; background_hover_color_opacity=&#8221;1&#8243; column_shadow=&#8221;none&#8221; column_border_radius=&#8221;none&#8221; el_class=&#8221;manchas-row&#8221; width=&#8221;1\/4&#8243; tablet_text_alignment=&#8221;default&#8221; phone_text_alignment=&#8221;default&#8221; column_border_width=&#8221;none&#8221; column_border_style=&#8221;solid&#8221;][\/vc_column][vc_column column_padding=&#8221;no-extra-padding&#8221; column_padding_position=&#8221;all&#8221; background_color_opacity=&#8221;1&#8243; background_hover_color_opacity=&#8221;1&#8243; column_shadow=&#8221;none&#8221; column_border_radius=&#8221;none&#8221; width=&#8221;1\/2&#8243; tablet_text_alignment=&#8221;default&#8221; phone_text_alignment=&#8221;default&#8221; column_border_width=&#8221;none&#8221; column_border_style=&#8221;solid&#8221;][vc_row_inner column_margin=&#8221;default&#8221; text_align=&#8221;left&#8221;][vc_column_inner column_padding=&#8221;no-extra-padding&#8221; column_padding_position=&#8221;all&#8221; centered_text=&#8221;true&#8221; background_color_opacity=&#8221;1&#8243; background_hover_color_opacity=&#8221;1&#8243; column_shadow=&#8221;none&#8221; column_border_radius=&#8221;none&#8221; width=&#8221;1\/1&#8243; column_border_width=&#8221;none&#8221; column_border_style=&#8221;solid&#8221;][vc_column_text css=&#8221;.vc_custom_1527245402551{padding-top: 25px !important;}&#8221;]\n<h3>Sinopsi<\/h3>\n[\/vc_column_text][divider line_type=&#8221;Small Line&#8221; line_thickness=&#8221;2&#8243; divider_color=&#8221;extra-color-1&#8243; animate=&#8221;yes&#8221; custom_height=&#8221;50&#8243; custom_line_width=&#8221;80&#8243;][\/vc_column_inner][\/vc_row_inner][vc_column_text]SINGLED [OUT] explica la hist\u00f2ria de cinc dones independents a quatre punts del m\u00f3n: la Manu a Barcelona, la Jules a Melbourne, la Shu i la Yang a Shanghai, i la Melek a Istanbul. En un m\u00f3n ent\u00e8s i concebut per estar en parella, totes elles viatgen per la vida solteres i al mateix temps miren d\u2019esbrinar el paper que aquesta solteria juga a les seves vides. Juntament amb les veus de reconeguts experts en els \u00e0mbits de la sociologia, el dret i la demografia, la pel\u00b7l\u00edcula \u00e9s un viatge al cor de la dona soltera en <strong>l\u2019era de l\u2019amor modern.<\/strong>[\/vc_column_text][\/vc_column][vc_column column_padding=&#8221;no-extra-padding&#8221; column_padding_position=&#8221;all&#8221; background_color_opacity=&#8221;1&#8243; background_hover_color_opacity=&#8221;1&#8243; column_shadow=&#8221;none&#8221; column_border_radius=&#8221;none&#8221; width=&#8221;1\/4&#8243; tablet_text_alignment=&#8221;default&#8221; phone_text_alignment=&#8221;default&#8221; column_border_width=&#8221;none&#8221; column_border_style=&#8221;solid&#8221;][image_with_animation image_url=&#8221;5934&#8243; alignment=&#8221;&#8221; animation=&#8221;None&#8221; border_radius=&#8221;none&#8221; box_shadow=&#8221;none&#8221; max_width=&#8221;100%&#8221; delay=&#8221;0&#8243; el_class=&#8221;manchas&#8221;][\/vc_column][\/vc_row][vc_row type=&#8221;full_width_background&#8221; full_screen_row_position=&#8221;middle&#8221; bg_image=&#8221;6130&#8243; bg_position=&#8221;center center&#8221; bg_repeat=&#8221;no-repeat&#8221; full_height=&#8221;yes&#8221; scene_position=&#8221;center&#8221; text_color=&#8221;light&#8221; text_align=&#8221;left&#8221; bottom_padding=&#8221;7%&#8221; color_overlay=&#8221;#000000&#8243; overlay_strength=&#8221;0.3&#8243; shape_divider_position=&#8221;bottom&#8221; shape_type=&#8221;&#8221;][vc_column centered_text=&#8221;true&#8221; column_padding=&#8221;padding-5-percent&#8221; column_padding_position=&#8221;left-right&#8221; background_color_opacity=&#8221;1&#8243; background_hover_color_opacity=&#8221;1&#8243; column_shadow=&#8221;none&#8221; column_border_radius=&#8221;none&#8221; width=&#8221;1\/1&#8243; tablet_text_alignment=&#8221;default&#8221; phone_text_alignment=&#8221;default&#8221; column_border_width=&#8221;none&#8221; column_border_style=&#8221;solid&#8221;][testimonial_slider style=&#8221;minimal&#8221; star_rating_color=&#8221;accent-color&#8221; autorotate=&#8221;6000&#8243; disable_height_animation=&#8221;true&#8221;][testimonial star_rating=&#8221;none&#8221; title=&#8221;Testimonial&#8221; id=&#8221;1475858133769-1afdf-3731&#8243; name=&#8221;Eva Cox (soci\u00f2loga)&#8221; subtitle=&#8221;Austr\u00e0lia&#8221; quote=&#8221;Els \u00e9ssers humans estem interconectats col\u00b7lectivament, som tribals, necessitem a altres persones. Per\u00f2 necessitem a una parella?&#8221; tab_id=&#8221;1523177127660-7&#8243;] Click the edit button to add your testimonial. [\/testimonial][testimonial star_rating=&#8221;none&#8221; title=&#8221;Testimonial&#8221; id=&#8221;1523177328203-0-7&#8243; tab_id=&#8221;1523177328208-4&#8243; name=&#8221;Eva Illouz (soci\u00f2loga) &#8221; subtitle=&#8221;Israel&#8221; quote=&#8221;Mentre els nens aprenen autonomia, les nenes han d&#8217;aprendre a ser afectives.&#8221;][\/testimonial][testimonial star_rating=&#8221;none&#8221; title=&#8221;Testimonial&#8221; id=&#8221;1523177359344-0-1&#8243; tab_id=&#8221;1523177359348-5&#8243; name=&#8221;Li Yinhe (soci\u00f2loga i sex\u00f2loga) &#8221; subtitle=&#8221;Xina&#8221; quote=&#8221;A la cultura xinesa, la manca de respecte m\u00e9s greu \u00e9s no ser bo amb els pares en el sentit de no tenir fills i no crear la seg\u00fcent generaci\u00f3 familiar.&#8221;][\/testimonial][testimonial star_rating=&#8221;none&#8221; title=&#8221;Testimonial&#8221; id=&#8221;1523177382974-0-6&#8243; tab_id=&#8221;1523177382976-2&#8243; name=&#8221;Albert Esteve (dem\u00f2graf) &#8221; subtitle=&#8221;Espanya&#8221; quote=&#8221;Moltes dones busquen homes que encara no existeixen i, en canvi, hi ha molts homes que busquen dones que ja han deixat d&#8217;existir.&#8221;][\/testimonial][testimonial star_rating=&#8221;none&#8221; title=&#8221;Testimonial&#8221; id=&#8221;1523177454373-0-5&#8243; tab_id=&#8221;1523177454375-8&#8243; name=&#8221;Leta Hong Fincher (soci\u00f2loga) &#8221; subtitle=&#8221;Hong Kong&#8221; quote=&#8221;El govern xin\u00e8s vol aconseguir que aquestes dones d\u2019alta qualitat es casin i tinguin un fill pel b\u00e9 de la naci\u00f3.&#8221;][\/testimonial][testimonial star_rating=&#8221;none&#8221; title=&#8221;Testimonial&#8221; id=&#8221;1523177470391-0-5&#8243; tab_id=&#8221;1523177470392-0&#8243; name=&#8221;Hulya Gulbahar (advocada i activista) &#8221; subtitle=&#8221;Turqu\u00eda&#8221; quote=&#8221;A Turquia milers de dones no segueixen aquestes normes i estan disposades a pagar el preu m\u00e9s alt per defensar els seus drets i no canviaran el seu estil de vida ni tan sols un mil\u00b7l\u00edmetre.&#8221;][\/testimonial][\/testimonial_slider][\/vc_column][\/vc_row][vc_row type=&#8221;full_width_background&#8221; full_screen_row_position=&#8221;middle&#8221; equal_height=&#8221;yes&#8221; content_placement=&#8221;middle&#8221; full_height=&#8221;yes&#8221; scene_position=&#8221;center&#8221; text_color=&#8221;dark&#8221; text_align=&#8221;left&#8221; top_padding=&#8221;7%&#8221; bottom_padding=&#8221;7%&#8221; id=&#8221;singled-que&#8221; overlay_strength=&#8221;0.3&#8243; shape_divider_position=&#8221;bottom&#8221; shape_type=&#8221;&#8221;][vc_column column_padding=&#8221;no-extra-padding&#8221; column_padding_position=&#8221;all&#8221; background_color_opacity=&#8221;1&#8243; background_hover_color_opacity=&#8221;1&#8243; column_shadow=&#8221;none&#8221; column_border_radius=&#8221;none&#8221; el_class=&#8221;manchas-row&#8221; width=&#8221;1\/6&#8243; tablet_text_alignment=&#8221;default&#8221; phone_text_alignment=&#8221;default&#8221; column_border_width=&#8221;none&#8221; column_border_style=&#8221;solid&#8221;][\/vc_column][vc_column column_padding=&#8221;no-extra-padding&#8221; column_padding_position=&#8221;all&#8221; background_color_opacity=&#8221;1&#8243; background_hover_color_opacity=&#8221;1&#8243; column_shadow=&#8221;none&#8221; column_border_radius=&#8221;none&#8221; width=&#8221;2\/3&#8243; tablet_text_alignment=&#8221;default&#8221; phone_text_alignment=&#8221;default&#8221; column_border_width=&#8221;none&#8221; column_border_style=&#8221;solid&#8221;][vc_row_inner column_margin=&#8221;default&#8221; text_align=&#8221;left&#8221;][vc_column_inner column_padding=&#8221;no-extra-padding&#8221; column_padding_position=&#8221;all&#8221; centered_text=&#8221;true&#8221; background_color_opacity=&#8221;1&#8243; background_hover_color_opacity=&#8221;1&#8243; column_shadow=&#8221;none&#8221; column_border_radius=&#8221;none&#8221; width=&#8221;1\/1&#8243; column_border_width=&#8221;none&#8221; column_border_style=&#8221;solid&#8221;][image_with_animation image_url=&#8221;5915&#8243; alignment=&#8221;&#8221; animation=&#8221;None&#8221; border_radius=&#8221;none&#8221; box_shadow=&#8221;none&#8221; max_width=&#8221;100%&#8221; delay=&#8221;0&#8243; el_class=&#8221;manchas&#8221;][vc_column_text css=&#8221;.vc_custom_1527245577465{padding-top: 25px !important;}&#8221;]\n<h3>Singled qu\u00e8?<\/h3>\n[\/vc_column_text][divider line_type=&#8221;Small Line&#8221; line_thickness=&#8221;2&#8243; divider_color=&#8221;extra-color-1&#8243; animate=&#8221;yes&#8221; custom_height=&#8221;50&#8243; custom_line_width=&#8221;80&#8243;][\/vc_column_inner][\/vc_row_inner][vc_column_text]L\u2019Euro-monitor, una empresa d\u2019estad\u00edstica mundial, pronostica un augment de <strong>48 milions de nous residents en solitari per l\u2019any 2020<\/strong>, una dada que significa un salt del 20%. Solters i solteres representen el grup que m\u00e9s creix. I per primer cop el nombre de persones solteres supera ja al de casades a moltes parts del m\u00f3n. A les \u00e0rees urbanes d\u2019Austr\u00e0lia, com a mitjana, <strong>una de cada tres dones d\u2019entre 30 i 34 anys no t\u00e9 parella<\/strong>; a Espanya les xifres s\u00f3n similars. El <strong>30% de les dones japoneses d\u2019entre 30 i 45 anys no es casen,<\/strong> mentre que als Estats Units la franja de dones a la trentena casades ha baixat, per primer cop, per sota del 50 %. Per la seva banda, Xina compta amb m\u00e9s de vint milions m\u00e9s d\u2019homes que dones, i a ciutats grans com ara Pequ\u00edn es calcula en m\u00e9s de <strong>800.000 el nombre de dones solteres de m\u00e9s de trenta anys<\/strong>, amb formaci\u00f3 i ingressos elevats i que escullen no casar-se.<\/p>\n<p>Malgrat aquesta tend\u00e8ncia en augment, ser dona soltera encara suposa un estigma cultural de discriminaci\u00f3, que la comunitat cient\u00edfica coneix com <a href=\"https:\/\/www.psychologytoday.com\/blog\/living-single\/201009\/singlism-what-it-is-and-is-not-and-why-it-should-be-in-the-dictionary\" target=\"_blank\" rel=\"noopener\"><strong>\u201csinglisme\u201d<\/strong><\/a>. En el llenguatge col\u00b7loquial, es parla de \u201cspinster\u201d en angl\u00e8s, \u201csolterona\u201d en catal\u00e0 o castell\u00e0, i \u201cshengnu\u201d en mandar\u00ed \u2013 una traducci\u00f3 literal de ser una persona\u2026 \u201csobrant\u201d!<\/p>\n<p>SINGLED [OUT] explora l\u2019estigma transcultural existent mentre intenta tamb\u00e9 reflexionar sobre <strong>el lloc que ocupa l\u2019amor avui en dia,<\/strong> en un m\u00f3n on l\u2019individualisme avan\u00e7a com a centre de l\u2019equaci\u00f3, i on la solteria \u2013especialment la femenina-encara segueix molt estigmatitzada.[\/vc_column_text][divider line_type=&#8221;No Line&#8221; custom_height=&#8221;50&#8243;][\/vc_column][vc_column column_padding=&#8221;no-extra-padding&#8221; column_padding_position=&#8221;all&#8221; background_color_opacity=&#8221;1&#8243; background_hover_color_opacity=&#8221;1&#8243; column_shadow=&#8221;none&#8221; column_border_radius=&#8221;none&#8221; width=&#8221;1\/6&#8243; tablet_text_alignment=&#8221;default&#8221; phone_text_alignment=&#8221;default&#8221; column_border_width=&#8221;none&#8221; column_border_style=&#8221;solid&#8221;][\/vc_column][\/vc_row]\n","protected":false},"excerpt":{"rendered":"<p>[vc_row type=&#8221;full_width_content&#8221; full_screen_row_position=&#8221;top&#8221; equal_height=&#8221;yes&#8221; content_placement=&#8221;bottom&#8221; bg_image=&#8221;6172&#8243; bg_position=&#8221;center center&#8221; bg_repeat=&#8221;no-repeat&#8221; full_height=&#8221;yes&#8221; scene_position=&#8221;center&#8221; text_color=&#8221;light&#8221; text_align=&#8221;left&#8221; bottom_padding=&#8221;7%&#8221; enable_gradient=&#8221;true&#8221; color_overlay=&#8221;#000000&#8243; color_overlay_2=&#8221;rgba(0,0,0,0.42)&#8221; gradient_direction=&#8221;left_to_right&#8221; overlay_strength=&#8221;0.8&#8243; shape_divider_position=&#8221;bottom&#8221; shape_type=&#8221;&#8221;][vc_column column_padding=&#8221;padding-3-percent&#8221; column_padding_position=&#8221;all&#8221; background_color_opacity=&#8221;0.7&#8243; background_hover_color_opacity=&#8221;1&#8243;&#8230;<\/p>\n","protected":false},"author":1,"featured_media":0,"parent":0,"menu_order":0,"comment_status":"closed","ping_status":"closed","template":"","meta":{"footnotes":""},"class_list":["post-6369","page","type-page","status-publish"],"yoast_head":"<!-- This site is optimized with the Yoast SEO plugin v26.8 - https:\/\/yoast.com\/product\/yoast-seo-wordpress\/ -->\n<title>La pel\u00b7l\u00edcula - Singled [Out] Film<\/title>\n<meta name=\"robots\" content=\"index, follow, max-snippet:-1, max-image-preview:large, max-video-preview:-1\" \/>\n<link rel=\"canonical\" href=\"https:\/\/singledoutfilm.com\/ca\/la-pel\u00b7licula\/\" \/>\n<meta property=\"og:locale\" content=\"ca_ES\" \/>\n<meta property=\"og:type\" content=\"article\" \/>\n<meta property=\"og:title\" content=\"La pel\u00b7l\u00edcula - Singled [Out] Film\" \/>\n<meta property=\"og:description\" content=\"[vc_row type=&#8221;full_width_content&#8221; full_screen_row_position=&#8221;top&#8221; equal_height=&#8221;yes&#8221; content_placement=&#8221;bottom&#8221; bg_image=&#8221;6172&#8243; bg_position=&#8221;center center&#8221; bg_repeat=&#8221;no-repeat&#8221; full_height=&#8221;yes&#8221; scene_position=&#8221;center&#8221; text_color=&#8221;light&#8221; text_align=&#8221;left&#8221; bottom_padding=&#8221;7%&#8221; enable_gradient=&#8221;true&#8221; color_overlay=&#8221;#000000&#8243; color_overlay_2=&#8221;rgba(0,0,0,0.42)&#8221; gradient_direction=&#8221;left_to_right&#8221; overlay_strength=&#8221;0.8&#8243; shape_divider_position=&#8221;bottom&#8221; shape_type=&#8221;&#8221;][vc_column column_padding=&#8221;padding-3-percent&#8221; column_padding_position=&#8221;all&#8221; background_color_opacity=&#8221;0.7&#8243; background_hover_color_opacity=&#8221;1&#8243;...\" \/>\n<meta property=\"og:url\" content=\"https:\/\/singledoutfilm.com\/ca\/la-pel\u00b7licula\/\" \/>\n<meta property=\"og:site_name\" content=\"Singled [Out] Film\" \/>\n<meta property=\"article:modified_time\" content=\"2018-06-04T12:34:31+00:00\" \/>\n<meta name=\"twitter:card\" content=\"summary_large_image\" \/>\n<meta name=\"twitter:label1\" content=\"Temps estimat de lectura\" \/>\n\t<meta name=\"twitter:data1\" content=\"9 minuts\" \/>\n<script type=\"application\/ld+json\" class=\"yoast-schema-graph\">{\"@context\":\"https:\/\/schema.org\",\"@graph\":[{\"@type\":\"WebPage\",\"@id\":\"https:\/\/singledoutfilm.com\/ca\/la-pel%c2%b7licula\/\",\"url\":\"https:\/\/singledoutfilm.com\/ca\/la-pel%c2%b7licula\/\",\"name\":\"La pel\u00b7l\u00edcula - Singled [Out] Film\",\"isPartOf\":{\"@id\":\"https:\/\/singledoutfilm.com\/#website\"},\"datePublished\":\"2018-04-08T08:36:04+00:00\",\"dateModified\":\"2018-06-04T12:34:31+00:00\",\"breadcrumb\":{\"@id\":\"https:\/\/singledoutfilm.com\/ca\/la-pel%c2%b7licula\/#breadcrumb\"},\"inLanguage\":\"ca\",\"potentialAction\":[{\"@type\":\"ReadAction\",\"target\":[\"https:\/\/singledoutfilm.com\/ca\/la-pel%c2%b7licula\/\"]}]},{\"@type\":\"BreadcrumbList\",\"@id\":\"https:\/\/singledoutfilm.com\/ca\/la-pel%c2%b7licula\/#breadcrumb\",\"itemListElement\":[{\"@type\":\"ListItem\",\"position\":1,\"name\":\"Portada\",\"item\":\"https:\/\/singledoutfilm.com\/ca\/\"},{\"@type\":\"ListItem\",\"position\":2,\"name\":\"La pel\u00b7l\u00edcula\"}]},{\"@type\":\"WebSite\",\"@id\":\"https:\/\/singledoutfilm.com\/#website\",\"url\":\"https:\/\/singledoutfilm.com\/\",\"name\":\"Singled [Out] Film\",\"description\":\"A documentary film by Mariona Guiu and Ariadna Relea\",\"publisher\":{\"@id\":\"https:\/\/singledoutfilm.com\/#organization\"},\"potentialAction\":[{\"@type\":\"SearchAction\",\"target\":{\"@type\":\"EntryPoint\",\"urlTemplate\":\"https:\/\/singledoutfilm.com\/?s={search_term_string}\"},\"query-input\":{\"@type\":\"PropertyValueSpecification\",\"valueRequired\":true,\"valueName\":\"search_term_string\"}}],\"inLanguage\":\"ca\"},{\"@type\":\"Organization\",\"@id\":\"https:\/\/singledoutfilm.com\/#organization\",\"name\":\"Singled [Out] Film\",\"url\":\"https:\/\/singledoutfilm.com\/\",\"logo\":{\"@type\":\"ImageObject\",\"inLanguage\":\"ca\",\"@id\":\"https:\/\/singledoutfilm.com\/#\/schema\/logo\/image\/\",\"url\":\"https:\/\/singledoutfilm.com\/wp-content\/uploads\/2018\/01\/singled-out-film-logo.png\",\"contentUrl\":\"https:\/\/singledoutfilm.com\/wp-content\/uploads\/2018\/01\/singled-out-film-logo.png\",\"width\":250,\"height\":94,\"caption\":\"Singled [Out] Film\"},\"image\":{\"@id\":\"https:\/\/singledoutfilm.com\/#\/schema\/logo\/image\/\"}}]}<\/script>\n<!-- \/ Yoast SEO plugin. -->","yoast_head_json":{"title":"La pel\u00b7l\u00edcula - Singled [Out] Film","robots":{"index":"index","follow":"follow","max-snippet":"max-snippet:-1","max-image-preview":"max-image-preview:large","max-video-preview":"max-video-preview:-1"},"canonical":"https:\/\/singledoutfilm.com\/ca\/la-pel\u00b7licula\/","og_locale":"ca_ES","og_type":"article","og_title":"La pel\u00b7l\u00edcula - Singled [Out] Film","og_description":"[vc_row type=&#8221;full_width_content&#8221; full_screen_row_position=&#8221;top&#8221; equal_height=&#8221;yes&#8221; content_placement=&#8221;bottom&#8221; bg_image=&#8221;6172&#8243; bg_position=&#8221;center center&#8221; bg_repeat=&#8221;no-repeat&#8221; full_height=&#8221;yes&#8221; scene_position=&#8221;center&#8221; text_color=&#8221;light&#8221; text_align=&#8221;left&#8221; bottom_padding=&#8221;7%&#8221; enable_gradient=&#8221;true&#8221; color_overlay=&#8221;#000000&#8243; color_overlay_2=&#8221;rgba(0,0,0,0.42)&#8221; gradient_direction=&#8221;left_to_right&#8221; overlay_strength=&#8221;0.8&#8243; shape_divider_position=&#8221;bottom&#8221; shape_type=&#8221;&#8221;][vc_column column_padding=&#8221;padding-3-percent&#8221; column_padding_position=&#8221;all&#8221; background_color_opacity=&#8221;0.7&#8243; background_hover_color_opacity=&#8221;1&#8243;...","og_url":"https:\/\/singledoutfilm.com\/ca\/la-pel\u00b7licula\/","og_site_name":"Singled [Out] Film","article_modified_time":"2018-06-04T12:34:31+00:00","twitter_card":"summary_large_image","twitter_misc":{"Temps estimat de lectura":"9 minuts"},"schema":{"@context":"https:\/\/schema.org","@graph":[{"@type":"WebPage","@id":"https:\/\/singledoutfilm.com\/ca\/la-pel%c2%b7licula\/","url":"https:\/\/singledoutfilm.com\/ca\/la-pel%c2%b7licula\/","name":"La pel\u00b7l\u00edcula - Singled [Out] Film","isPartOf":{"@id":"https:\/\/singledoutfilm.com\/#website"},"datePublished":"2018-04-08T08:36:04+00:00","dateModified":"2018-06-04T12:34:31+00:00","breadcrumb":{"@id":"https:\/\/singledoutfilm.com\/ca\/la-pel%c2%b7licula\/#breadcrumb"},"inLanguage":"ca","potentialAction":[{"@type":"ReadAction","target":["https:\/\/singledoutfilm.com\/ca\/la-pel%c2%b7licula\/"]}]},{"@type":"BreadcrumbList","@id":"https:\/\/singledoutfilm.com\/ca\/la-pel%c2%b7licula\/#breadcrumb","itemListElement":[{"@type":"ListItem","position":1,"name":"Portada","item":"https:\/\/singledoutfilm.com\/ca\/"},{"@type":"ListItem","position":2,"name":"La pel\u00b7l\u00edcula"}]},{"@type":"WebSite","@id":"https:\/\/singledoutfilm.com\/#website","url":"https:\/\/singledoutfilm.com\/","name":"Singled [Out] Film","description":"A documentary film by Mariona Guiu and Ariadna Relea","publisher":{"@id":"https:\/\/singledoutfilm.com\/#organization"},"potentialAction":[{"@type":"SearchAction","target":{"@type":"EntryPoint","urlTemplate":"https:\/\/singledoutfilm.com\/?s={search_term_string}"},"query-input":{"@type":"PropertyValueSpecification","valueRequired":true,"valueName":"search_term_string"}}],"inLanguage":"ca"},{"@type":"Organization","@id":"https:\/\/singledoutfilm.com\/#organization","name":"Singled [Out] Film","url":"https:\/\/singledoutfilm.com\/","logo":{"@type":"ImageObject","inLanguage":"ca","@id":"https:\/\/singledoutfilm.com\/#\/schema\/logo\/image\/","url":"https:\/\/singledoutfilm.com\/wp-content\/uploads\/2018\/01\/singled-out-film-logo.png","contentUrl":"https:\/\/singledoutfilm.com\/wp-content\/uploads\/2018\/01\/singled-out-film-logo.png","width":250,"height":94,"caption":"Singled [Out] Film"},"image":{"@id":"https:\/\/singledoutfilm.com\/#\/schema\/logo\/image\/"}}]}},"_links":{"self":[{"href":"https:\/\/singledoutfilm.com\/ca\/wp-json\/wp\/v2\/pages\/6369","targetHints":{"allow":["GET"]}}],"collection":[{"href":"https:\/\/singledoutfilm.com\/ca\/wp-json\/wp\/v2\/pages"}],"about":[{"href":"https:\/\/singledoutfilm.com\/ca\/wp-json\/wp\/v2\/types\/page"}],"author":[{"embeddable":true,"href":"https:\/\/singledoutfilm.com\/ca\/wp-json\/wp\/v2\/users\/1"}],"replies":[{"embeddable":true,"href":"https:\/\/singledoutfilm.com\/ca\/wp-json\/wp\/v2\/comments?post=6369"}],"version-history":[{"count":2,"href":"https:\/\/singledoutfilm.com\/ca\/wp-json\/wp\/v2\/pages\/6369\/revisions"}],"predecessor-version":[{"id":6686,"href":"https:\/\/singledoutfilm.com\/ca\/wp-json\/wp\/v2\/pages\/6369\/revisions\/6686"}],"wp:attachment":[{"href":"https:\/\/singledoutfilm.com\/ca\/wp-json\/wp\/v2\/media?parent=6369"}],"curies":[{"name":"wp","href":"https:\/\/api.w.org\/{rel}","templated":true}]}}