{"id":6590,"date":"2018-05-31T10:52:12","date_gmt":"2018-05-31T08:52:12","guid":{"rendered":"https:\/\/singledoutfilm.com\/aviso-legal\/politica-de-privacidad\/"},"modified":"2018-05-31T10:52:12","modified_gmt":"2018-05-31T08:52:12","slug":"politica-de-privacidad","status":"publish","type":"page","link":"https:\/\/singledoutfilm.com\/ca\/aviso-legal\/politica-de-privacidad\/","title":{"rendered":"Pol\u00edtica de privacidad"},"content":{"rendered":"<h3><strong>Pol\u00edtica de privacidad<\/strong><\/h3>\n<p>&nbsp;<\/p>\n<p><em>ARIADNA RELEA <\/em>informa a los usuarios del sitio web sobre su pol\u00edtica respecto del tratamiento y protecci\u00f3n de los datos de car\u00e1cter personal de los usuarios y clientes que puedan ser recabados por la navegaci\u00f3n o contrataci\u00f3n de servicios a trav\u00e9s de su sitio web.<\/p>\n<p>En este sentido, <em>ARIADNA RELEA <\/em>garantiza el cumplimiento de la normativa vigente en materia de protecci\u00f3n de datos personales, reflejada en la Ley Org\u00e1nica 15\/1999 de 13 de diciembre, de Protecci\u00f3n de Datos de Car\u00e1cter Personal y en el Real Decreto 1720\/2007, de 21 diciembre, por el que se aprueba el Reglamento de Desarrollo de la LOPD.<\/p>\n<p>El uso de esta web implica la aceptaci\u00f3n de esta pol\u00edtica de privacidad.<\/p>\n<p>&nbsp;<\/p>\n<ol>\n<li><strong> Recogida, finalidad y tratamientos de datos<\/strong><\/li>\n<\/ol>\n<p><em>ARIADNA RELEA <\/em> tiene el deber de informar a los usuarios de su sitio web acerca de la recogida de datos de car\u00e1cter personal que pueden llevarse a cabo, bien sea mediante el env\u00edo de correo electr\u00f3nico o al cumplimentar los formularios incluidos en el sitio web. En este sentido,\u00a0<em>ARIADNA RELEA <\/em>ser\u00e1 considerada como responsable de los datos recabados mediante los medios anteriormente descritos. A su vez\u00a0<em>ARIADNA RELEA <\/em>informa a los usuarios de que la finalidad del tratamiento de los datos recabados contempla: La atenci\u00f3n de solicitudes realizadas por los usuarios, la inclusi\u00f3n en la agenda de contactos, la prestaci\u00f3n de servicios, la gesti\u00f3n de la relaci\u00f3n comercial y otras finalidades, como el env\u00edo de emails informativos.<\/p>\n<p>&nbsp;<\/p>\n<p>Las operaciones, gestiones y procedimientos t\u00e9cnicos que se realicen de forma automatizada o no automatizada y que posibiliten la recogida, el almacenamiento, la modificaci\u00f3n, la transferencia y otras acciones sobre datos de car\u00e1cter personal, tienen la consideraci\u00f3n de tratamiento de datos personales. Todos los datos personales, que sean recogidos a trav\u00e9s del sitio web de\u00a0<em>ARIADNA RELEA <\/em>, y por tanto tenga la consideraci\u00f3n de tratamiento de datos de car\u00e1cter personal, ser\u00e1n incorporados en los ficheros declarados ante la Agencia Espa\u00f1ola de Protecci\u00f3n de Datos por\u00a0<em>ARIADNA RELEA .<\/em><\/p>\n<p>&nbsp;<\/p>\n<ol start=\"2\">\n<li><strong> Comunicaci\u00f3n de informaci\u00f3n a terceros<\/strong><\/li>\n<\/ol>\n<p><em>ARIADNA RELEA <\/em> informa a los usuarios de que sus datos personales no ser\u00e1n cedidos a terceras organizaciones, con la salvedad de que dicha cesi\u00f3n de datos este amparada en una obligaci\u00f3n legal o cuando la prestaci\u00f3n de un servicio implique la necesidad de una relaci\u00f3n contractual con un encargado de tratamiento. En este \u00faltimo caso, solo se llevar\u00e1 a cabo la cesi\u00f3n de datos al tercero cuando\u00a0<em>ARIADNA RELEA <\/em>disponga del consentimiento expreso del usuario.<\/p>\n<p>&nbsp;<\/p>\n<ol start=\"3\">\n<li><strong> Derechos de los usuarios<\/strong><\/li>\n<\/ol>\n<p>La Ley Org\u00e1nica 15\/1999, de 13 de diciembre, de Protecci\u00f3n de Datos de Car\u00e1cter Personal concede a los interesados la posibilidad de ejercer una serie de derechos relacionados con el tratamiento de sus datos personales. En tanto en cuanto los datos del usuario son objeto de tratamiento por parte de\u00a0<em>ARIADNA RELEA. <\/em>Los usuarios podr\u00e1n ejercer los derechos de acceso, rectificaci\u00f3n, cancelaci\u00f3n y oposici\u00f3n de acuerdo con lo previsto en la normativa legal vigente en materia de protecci\u00f3n de datos personales. Para hacer uso del ejercicio de estos derechos, el usuario deber\u00e1 escribir un correo electr\u00f3nico a la direcci\u00f3n: contact@singledoutfilm.com indicando la acci\u00f3n que se requiera. El ejercicio de derechos deber\u00e1 ser realizado por el propio usuario. No obstante, podr\u00e1n ser ejecutados por una persona autorizada como representante legal del autorizado. En tal caso, se deber\u00e1 aportar la documentaci\u00f3n que acredite esta representaci\u00f3n del interesado.<\/p>\n<p>&nbsp;<\/p>\n","protected":false},"excerpt":{"rendered":"<p>Pol\u00edtica de privacidad &nbsp; ARIADNA RELEA informa a los usuarios del sitio web sobre su pol\u00edtica respecto del tratamiento y protecci\u00f3n de los datos de&#8230;<\/p>\n","protected":false},"author":1,"featured_media":0,"parent":6582,"menu_order":0,"comment_status":"closed","ping_status":"closed","template":"","meta":{"footnotes":""},"class_list":["post-6590","page","type-page","status-publish"],"yoast_head":"<!-- This site is optimized with the Yoast SEO plugin v26.8 - https:\/\/yoast.com\/product\/yoast-seo-wordpress\/ -->\n<title>Pol\u00edtica de privacidad - Singled [Out] Film<\/title>\n<meta name=\"robots\" content=\"noindex, nofollow\" \/>\n<meta property=\"og:locale\" content=\"ca_ES\" \/>\n<meta property=\"og:type\" content=\"article\" \/>\n<meta property=\"og:title\" content=\"Pol\u00edtica de privacidad - Singled [Out] Film\" \/>\n<meta property=\"og:description\" content=\"Pol\u00edtica de privacidad &nbsp; ARIADNA RELEA informa a los usuarios del sitio web sobre su pol\u00edtica respecto del tratamiento y protecci\u00f3n de los datos de...\" \/>\n<meta property=\"og:url\" content=\"https:\/\/singledoutfilm.com\/ca\/aviso-legal\/politica-de-privacidad\/\" \/>\n<meta property=\"og:site_name\" content=\"Singled [Out] Film\" \/>\n<meta name=\"twitter:card\" content=\"summary_large_image\" \/>\n<meta name=\"twitter:label1\" content=\"Temps estimat de lectura\" \/>\n\t<meta name=\"twitter:data1\" content=\"3 minuts\" \/>\n<script type=\"application\/ld+json\" class=\"yoast-schema-graph\">{\"@context\":\"https:\/\/schema.org\",\"@graph\":[{\"@type\":\"WebPage\",\"@id\":\"https:\/\/singledoutfilm.com\/ca\/aviso-legal\/politica-de-privacidad\/\",\"url\":\"https:\/\/singledoutfilm.com\/ca\/aviso-legal\/politica-de-privacidad\/\",\"name\":\"Pol\u00edtica de privacidad - Singled [Out] Film\",\"isPartOf\":{\"@id\":\"https:\/\/singledoutfilm.com\/#website\"},\"datePublished\":\"2018-05-31T08:52:12+00:00\",\"breadcrumb\":{\"@id\":\"https:\/\/singledoutfilm.com\/ca\/aviso-legal\/politica-de-privacidad\/#breadcrumb\"},\"inLanguage\":\"ca\",\"potentialAction\":[{\"@type\":\"ReadAction\",\"target\":[\"https:\/\/singledoutfilm.com\/ca\/aviso-legal\/politica-de-privacidad\/\"]}]},{\"@type\":\"BreadcrumbList\",\"@id\":\"https:\/\/singledoutfilm.com\/ca\/aviso-legal\/politica-de-privacidad\/#breadcrumb\",\"itemListElement\":[{\"@type\":\"ListItem\",\"position\":1,\"name\":\"Portada\",\"item\":\"https:\/\/singledoutfilm.com\/ca\/\"},{\"@type\":\"ListItem\",\"position\":2,\"name\":\"Aviso legal\",\"item\":\"https:\/\/singledoutfilm.com\/ca\/aviso-legal\/\"},{\"@type\":\"ListItem\",\"position\":3,\"name\":\"Pol\u00edtica de privacidad\"}]},{\"@type\":\"WebSite\",\"@id\":\"https:\/\/singledoutfilm.com\/#website\",\"url\":\"https:\/\/singledoutfilm.com\/\",\"name\":\"Singled [Out] Film\",\"description\":\"A documentary film by Mariona Guiu and Ariadna Relea\",\"publisher\":{\"@id\":\"https:\/\/singledoutfilm.com\/#organization\"},\"potentialAction\":[{\"@type\":\"SearchAction\",\"target\":{\"@type\":\"EntryPoint\",\"urlTemplate\":\"https:\/\/singledoutfilm.com\/?s={search_term_string}\"},\"query-input\":{\"@type\":\"PropertyValueSpecification\",\"valueRequired\":true,\"valueName\":\"search_term_string\"}}],\"inLanguage\":\"ca\"},{\"@type\":\"Organization\",\"@id\":\"https:\/\/singledoutfilm.com\/#organization\",\"name\":\"Singled [Out] Film\",\"url\":\"https:\/\/singledoutfilm.com\/\",\"logo\":{\"@type\":\"ImageObject\",\"inLanguage\":\"ca\",\"@id\":\"https:\/\/singledoutfilm.com\/#\/schema\/logo\/image\/\",\"url\":\"https:\/\/singledoutfilm.com\/wp-content\/uploads\/2018\/01\/singled-out-film-logo.png\",\"contentUrl\":\"https:\/\/singledoutfilm.com\/wp-content\/uploads\/2018\/01\/singled-out-film-logo.png\",\"width\":250,\"height\":94,\"caption\":\"Singled [Out] Film\"},\"image\":{\"@id\":\"https:\/\/singledoutfilm.com\/#\/schema\/logo\/image\/\"}}]}<\/script>\n<!-- \/ Yoast SEO plugin. -->","yoast_head_json":{"title":"Pol\u00edtica de privacidad - Singled [Out] Film","robots":{"index":"noindex","follow":"nofollow"},"og_locale":"ca_ES","og_type":"article","og_title":"Pol\u00edtica de privacidad - Singled [Out] Film","og_description":"Pol\u00edtica de privacidad &nbsp; ARIADNA RELEA informa a los usuarios del sitio web sobre su pol\u00edtica respecto del tratamiento y protecci\u00f3n de los datos de...","og_url":"https:\/\/singledoutfilm.com\/ca\/aviso-legal\/politica-de-privacidad\/","og_site_name":"Singled [Out] Film","twitter_card":"summary_large_image","twitter_misc":{"Temps estimat de lectura":"3 minuts"},"schema":{"@context":"https:\/\/schema.org","@graph":[{"@type":"WebPage","@id":"https:\/\/singledoutfilm.com\/ca\/aviso-legal\/politica-de-privacidad\/","url":"https:\/\/singledoutfilm.com\/ca\/aviso-legal\/politica-de-privacidad\/","name":"Pol\u00edtica de privacidad - Singled [Out] Film","isPartOf":{"@id":"https:\/\/singledoutfilm.com\/#website"},"datePublished":"2018-05-31T08:52:12+00:00","breadcrumb":{"@id":"https:\/\/singledoutfilm.com\/ca\/aviso-legal\/politica-de-privacidad\/#breadcrumb"},"inLanguage":"ca","potentialAction":[{"@type":"ReadAction","target":["https:\/\/singledoutfilm.com\/ca\/aviso-legal\/politica-de-privacidad\/"]}]},{"@type":"BreadcrumbList","@id":"https:\/\/singledoutfilm.com\/ca\/aviso-legal\/politica-de-privacidad\/#breadcrumb","itemListElement":[{"@type":"ListItem","position":1,"name":"Portada","item":"https:\/\/singledoutfilm.com\/ca\/"},{"@type":"ListItem","position":2,"name":"Aviso legal","item":"https:\/\/singledoutfilm.com\/ca\/aviso-legal\/"},{"@type":"ListItem","position":3,"name":"Pol\u00edtica de privacidad"}]},{"@type":"WebSite","@id":"https:\/\/singledoutfilm.com\/#website","url":"https:\/\/singledoutfilm.com\/","name":"Singled [Out] Film","description":"A documentary film by Mariona Guiu and Ariadna Relea","publisher":{"@id":"https:\/\/singledoutfilm.com\/#organization"},"potentialAction":[{"@type":"SearchAction","target":{"@type":"EntryPoint","urlTemplate":"https:\/\/singledoutfilm.com\/?s={search_term_string}"},"query-input":{"@type":"PropertyValueSpecification","valueRequired":true,"valueName":"search_term_string"}}],"inLanguage":"ca"},{"@type":"Organization","@id":"https:\/\/singledoutfilm.com\/#organization","name":"Singled [Out] Film","url":"https:\/\/singledoutfilm.com\/","logo":{"@type":"ImageObject","inLanguage":"ca","@id":"https:\/\/singledoutfilm.com\/#\/schema\/logo\/image\/","url":"https:\/\/singledoutfilm.com\/wp-content\/uploads\/2018\/01\/singled-out-film-logo.png","contentUrl":"https:\/\/singledoutfilm.com\/wp-content\/uploads\/2018\/01\/singled-out-film-logo.png","width":250,"height":94,"caption":"Singled [Out] Film"},"image":{"@id":"https:\/\/singledoutfilm.com\/#\/schema\/logo\/image\/"}}]}},"_links":{"self":[{"href":"https:\/\/singledoutfilm.com\/ca\/wp-json\/wp\/v2\/pages\/6590","targetHints":{"allow":["GET"]}}],"collection":[{"href":"https:\/\/singledoutfilm.com\/ca\/wp-json\/wp\/v2\/pages"}],"about":[{"href":"https:\/\/singledoutfilm.com\/ca\/wp-json\/wp\/v2\/types\/page"}],"author":[{"embeddable":true,"href":"https:\/\/singledoutfilm.com\/ca\/wp-json\/wp\/v2\/users\/1"}],"replies":[{"embeddable":true,"href":"https:\/\/singledoutfilm.com\/ca\/wp-json\/wp\/v2\/comments?post=6590"}],"version-history":[{"count":0,"href":"https:\/\/singledoutfilm.com\/ca\/wp-json\/wp\/v2\/pages\/6590\/revisions"}],"up":[{"embeddable":true,"href":"https:\/\/singledoutfilm.com\/ca\/wp-json\/wp\/v2\/pages\/6582"}],"wp:attachment":[{"href":"https:\/\/singledoutfilm.com\/ca\/wp-json\/wp\/v2\/media?parent=6590"}],"curies":[{"name":"wp","href":"https:\/\/api.w.org\/{rel}","templated":true}]}}