{"id":6364,"date":"2018-04-08T10:36:14","date_gmt":"2018-04-08T08:36:14","guid":{"rendered":"https:\/\/singledoutfilm.com\/creditos\/"},"modified":"2018-06-05T11:53:40","modified_gmt":"2018-06-05T09:53:40","slug":"credits","status":"publish","type":"page","link":"https:\/\/singledoutfilm.com\/en\/credits\/","title":{"rendered":"Credits"},"content":{"rendered":"[vc_row type=&#8221;in_container&#8221; full_screen_row_position=&#8221;middle&#8221; equal_height=&#8221;yes&#8221; content_placement=&#8221;middle&#8221; scene_position=&#8221;center&#8221; text_color=&#8221;dark&#8221; text_align=&#8221;left&#8221; overlay_strength=&#8221;0.3&#8243; shape_divider_position=&#8221;bottom&#8221; shape_type=&#8221;&#8221;][vc_column column_padding=&#8221;no-extra-padding&#8221; column_padding_position=&#8221;all&#8221; background_color_opacity=&#8221;1&#8243; background_hover_color_opacity=&#8221;1&#8243; column_shadow=&#8221;none&#8221; column_border_radius=&#8221;none&#8221; width=&#8221;1\/4&#8243; tablet_text_alignment=&#8221;default&#8221; phone_text_alignment=&#8221;default&#8221; column_border_width=&#8221;none&#8221; column_border_style=&#8221;solid&#8221; offset=&#8221;vc_hidden-sm vc_hidden-xs&#8221;][image_with_animation image_url=&#8221;6003&#8243; alignment=&#8221;center&#8221; animation=&#8221;Fade In&#8221; border_radius=&#8221;none&#8221; box_shadow=&#8221;none&#8221; max_width=&#8221;100%&#8221;][\/vc_column][vc_column column_padding=&#8221;no-extra-padding&#8221; column_padding_position=&#8221;all&#8221; background_color_opacity=&#8221;1&#8243; background_hover_color_opacity=&#8221;1&#8243; column_shadow=&#8221;none&#8221; column_border_radius=&#8221;none&#8221; width=&#8221;1\/2&#8243; tablet_text_alignment=&#8221;default&#8221; phone_text_alignment=&#8221;default&#8221; column_border_width=&#8221;none&#8221; column_border_style=&#8221;solid&#8221;][vc_column_text]\n<h3 style=\"text-align: center;\"><strong>SINGLED [OUT]. SPAIN, TURKEY, 2017<\/strong><\/h3>\n<p style=\"text-align: center;\"><strong>Lenght:<\/strong> 70 &#8216;\/ 54&#8217;\u00a0 \u00a0\u00a0<strong>Format:<\/strong> 1.85<br \/>\n<strong>Original version:<\/strong> English, Spanish, Catalan, Turkish, Chinese<\/p>\n[\/vc_column_text][divider line_type=&#8221;No Line&#8221; custom_height=&#8221;50&#8243;][vc_column_text]<strong>Written and directed by:<\/strong> Mariona Guiu, Ariadna Relea<\/p>\n<p><strong>Executive producers:<\/strong> Ariadna Relea, Mariona Guiu, Bel\u00e9n S\u00e1nchez<\/p>\n<p><strong>Co-producers<\/strong>: Derya Terim, G\u00fclen G\u00fcler<\/p>\n<p><strong>In co-production with:<\/strong> Televisi\u00f3 de Catalunya, <a href=\"http:\/\/www.lacivertfilm.com\/\" target=\"_blank\" rel=\"noopener\">Lacivert Film Production Ltd<\/a><\/p>\n<p><strong>Associate producer:<\/strong> <a href=\"http:\/\/uncaprichoproducciones.com\/\" target=\"_blank\" rel=\"noopener\">Un capricho de producciones<\/a><\/p>\n<p><strong>With the support of<\/strong>\u00a0Eurimages and ICEC<\/p>\n<p>&nbsp;<\/p>\n<p><strong>Cinematography:<\/strong> Ariadna Relea, in color<\/p>\n<p><strong>Original music:<\/strong> Tolo Prats<\/p>\n<p><strong>Editing:<\/strong> Ariadna Relea<\/p>\n<p><strong>Additional editing:<\/strong> N\u00faria Campabadal<\/p>\n<p><strong>Sound Engineer:<\/strong> Murat Acikalin<\/p>\n<p><strong>Unit director in Turkey: <\/strong>G\u00fcliz Saglam<\/p>\n<p><strong>Sound design:<\/strong> Miquell Llin\u00e0s for <a href=\"http:\/\/www.sonoteque.com\" target=\"_blank\" rel=\"noopener\">Sonoteque<\/a><\/p>\n<p><strong>Color grading:<\/strong> Aaron Pedraza for <a href=\"https:\/\/www.antavianafilms.com\" target=\"_blank\" rel=\"noopener\">Antaviana Films<\/a><\/p>\n<p><strong>Graphics<\/strong>: Anna Aragon\u00e8s for <a href=\"https:\/\/www.antavianafilms.com\" target=\"_blank\" rel=\"noopener\">Antaviana Films<\/a><\/p>\n<p><strong>Produced by:<\/strong> Suricata Stories<\/p>\n<p><strong>International sales:<\/strong> <a href=\"http:\/\/www.riseandshine-berlin.com\" target=\"_blank\" rel=\"noopener\">Rise and Shine<\/a><\/p>\n<p><strong>Crowdfunding Campaign:<\/strong> Lara McKinley (Australia), Ana Casta\u00f1osa (Spain)<\/p>\n<p><strong>Art and poster:<\/strong> <a href=\"https:\/\/www.behance.net\/coqueazcona\" target=\"_blank\" rel=\"noopener\">Coqu\u00e9 Azcona<\/a><\/p>\n<p><strong>Graphic design:<\/strong> Pere Relea, Adriana Per\u00f3n, Robin Van Der Berg<\/p>\n<p><strong>Website:<\/strong> <a href=\"http:\/\/yvonnefuertes.com\/\" target=\"_blank\" rel=\"noopener\">Yvonne Fuertes<\/a><\/p>\n<p>&nbsp;<\/p>\n<p><strong>Featuring: <\/strong>Jules Gibson,\u00a0Yan Ge, Yang Shu, Manuela Ripoll\u00e9s, Melek M. K\u00fc\u00e7ukuzun<\/p>\n<p><strong>With the participation of:<\/strong> <a href=\"https:\/\/en.wikipedia.org\/wiki\/Eva_Cox\" target=\"_blank\" rel=\"noopener\">Eva Cox<\/a> (sociologist), <a href=\"https:\/\/en.wikipedia.org\/wiki\/Eva_Illouz\" target=\"_blank\" rel=\"noopener\">Eva Illouz<\/a> (sociologist), <a href=\"https:\/\/en.wikipedia.org\/wiki\/Li_Yinhe\" target=\"_blank\" rel=\"noopener\">Li Yinhe<\/a> (sociologist and sexologist), <a href=\"http:\/\/ced.uab.es\/en\/directori\/albert-esteve-palos\/\" target=\"_blank\" rel=\"noopener\">Albert Esteve<\/a> (demographer), <a href=\"http:\/\/www.letahongfincher.com\/\" target=\"_blank\" rel=\"noopener\">Leta Hong\u00a0Fincher<\/a> (sociologist) and Hulya Gulbahar (lawyer and activist).[\/vc_column_text][divider line_type=&#8221;No Line&#8221; custom_height=&#8221;30&#8243;][\/vc_column][vc_column column_padding=&#8221;no-extra-padding&#8221; column_padding_position=&#8221;all&#8221; background_color_opacity=&#8221;1&#8243; background_hover_color_opacity=&#8221;1&#8243; column_shadow=&#8221;none&#8221; column_border_radius=&#8221;none&#8221; width=&#8221;1\/4&#8243; tablet_text_alignment=&#8221;default&#8221; phone_text_alignment=&#8221;default&#8221; column_border_width=&#8221;none&#8221; column_border_style=&#8221;solid&#8221;][\/vc_column][\/vc_row][vc_row type=&#8221;in_container&#8221; full_screen_row_position=&#8221;middle&#8221; scene_position=&#8221;center&#8221; text_color=&#8221;dark&#8221; text_align=&#8221;left&#8221; overlay_strength=&#8221;0.3&#8243; shape_divider_position=&#8221;bottom&#8221;][vc_column column_padding=&#8221;no-extra-padding&#8221; column_padding_position=&#8221;all&#8221; background_color_opacity=&#8221;1&#8243; background_hover_color_opacity=&#8221;1&#8243; column_shadow=&#8221;none&#8221; column_border_radius=&#8221;none&#8221; width=&#8221;1\/1&#8243; tablet_text_alignment=&#8221;default&#8221; phone_text_alignment=&#8221;default&#8221; column_border_width=&#8221;none&#8221; column_border_style=&#8221;solid&#8221; offset=&#8221;vc_hidden-sm vc_hidden-xs&#8221;][image_with_animation image_url=&#8221;5999&#8243; alignment=&#8221;center&#8221; animation=&#8221;None&#8221; border_radius=&#8221;none&#8221; box_shadow=&#8221;none&#8221; max_width=&#8221;100%&#8221;][\/vc_column][\/vc_row][vc_row type=&#8221;in_container&#8221; full_screen_row_position=&#8221;middle&#8221; scene_position=&#8221;center&#8221; text_color=&#8221;dark&#8221; text_align=&#8221;left&#8221; overlay_strength=&#8221;0.3&#8243; shape_divider_position=&#8221;bottom&#8221;][vc_column column_padding=&#8221;no-extra-padding&#8221; column_padding_position=&#8221;all&#8221; background_color_opacity=&#8221;1&#8243; background_hover_color_opacity=&#8221;1&#8243; column_shadow=&#8221;none&#8221; column_border_radius=&#8221;none&#8221; width=&#8221;1\/1&#8243; tablet_text_alignment=&#8221;default&#8221; phone_text_alignment=&#8221;default&#8221; column_border_width=&#8221;none&#8221; column_border_style=&#8221;solid&#8221; offset=&#8221;vc_hidden-lg vc_hidden-md&#8221;][image_with_animation image_url=&#8221;6022&#8243; alignment=&#8221;center&#8221; animation=&#8221;None&#8221; border_radius=&#8221;none&#8221; box_shadow=&#8221;none&#8221; max_width=&#8221;100%&#8221;][\/vc_column][\/vc_row][vc_row type=&#8221;full_width_background&#8221; full_screen_row_position=&#8221;middle&#8221; bg_image=&#8221;6275&#8243; bg_position=&#8221;right center&#8221; bg_repeat=&#8221;no-repeat&#8221; parallax_bg=&#8221;true&#8221; parallax_bg_speed=&#8221;fast&#8221; scene_position=&#8221;center&#8221; text_color=&#8221;dark&#8221; text_align=&#8221;left&#8221; overlay_strength=&#8221;0.3&#8243; shape_divider_position=&#8221;bottom&#8221; shape_type=&#8221;&#8221;][vc_column column_padding=&#8221;no-extra-padding&#8221; column_padding_position=&#8221;all&#8221; background_color_opacity=&#8221;1&#8243; background_hover_color_opacity=&#8221;1&#8243; column_shadow=&#8221;none&#8221; column_border_radius=&#8221;none&#8221; width=&#8221;1\/1&#8243; tablet_text_alignment=&#8221;default&#8221; phone_text_alignment=&#8221;default&#8221; column_border_width=&#8221;none&#8221; column_border_style=&#8221;solid&#8221;][divider line_type=&#8221;No Line&#8221; custom_height=&#8221;400&#8243;][\/vc_column][\/vc_row][vc_row type=&#8221;in_container&#8221; full_screen_row_position=&#8221;middle&#8221; scene_position=&#8221;center&#8221; text_color=&#8221;dark&#8221; text_align=&#8221;left&#8221; overlay_strength=&#8221;0.3&#8243; shape_divider_position=&#8221;bottom&#8221;][vc_column column_padding=&#8221;no-extra-padding&#8221; column_padding_position=&#8221;all&#8221; background_color_opacity=&#8221;1&#8243; background_hover_color_opacity=&#8221;1&#8243; column_shadow=&#8221;none&#8221; column_border_radius=&#8221;none&#8221; width=&#8221;1\/4&#8243; tablet_text_alignment=&#8221;default&#8221; phone_text_alignment=&#8221;default&#8221; column_border_width=&#8221;none&#8221; column_border_style=&#8221;solid&#8221;][\/vc_column][vc_column column_padding=&#8221;no-extra-padding&#8221; column_padding_position=&#8221;all&#8221; background_color_opacity=&#8221;1&#8243; background_hover_color_opacity=&#8221;1&#8243; column_shadow=&#8221;none&#8221; column_border_radius=&#8221;none&#8221; width=&#8221;1\/2&#8243; tablet_text_alignment=&#8221;default&#8221; phone_text_alignment=&#8221;default&#8221; column_border_width=&#8221;none&#8221; column_border_style=&#8221;solid&#8221;][divider line_type=&#8221;No Line&#8221; custom_height=&#8221;30&#8243;][image_with_animation image_url=&#8221;6004&#8243; alignment=&#8221;center&#8221; animation=&#8221;Fade In&#8221; border_radius=&#8221;none&#8221; box_shadow=&#8221;none&#8221; max_width=&#8221;100%&#8221;][\/vc_column][vc_column column_padding=&#8221;no-extra-padding&#8221; column_padding_position=&#8221;all&#8221; background_color_opacity=&#8221;1&#8243; background_hover_color_opacity=&#8221;1&#8243; column_shadow=&#8221;none&#8221; column_border_radius=&#8221;none&#8221; width=&#8221;1\/4&#8243; tablet_text_alignment=&#8221;default&#8221; phone_text_alignment=&#8221;default&#8221; column_border_width=&#8221;none&#8221; column_border_style=&#8221;solid&#8221;][\/vc_column][\/vc_row]\n","protected":false},"excerpt":{"rendered":"<p>[vc_row type=&#8221;in_container&#8221; full_screen_row_position=&#8221;middle&#8221; equal_height=&#8221;yes&#8221; content_placement=&#8221;middle&#8221; scene_position=&#8221;center&#8221; text_color=&#8221;dark&#8221; text_align=&#8221;left&#8221; overlay_strength=&#8221;0.3&#8243; shape_divider_position=&#8221;bottom&#8221; shape_type=&#8221;&#8221;][vc_column column_padding=&#8221;no-extra-padding&#8221; column_padding_position=&#8221;all&#8221; background_color_opacity=&#8221;1&#8243; background_hover_color_opacity=&#8221;1&#8243; column_shadow=&#8221;none&#8221; column_border_radius=&#8221;none&#8221; width=&#8221;1\/4&#8243; tablet_text_alignment=&#8221;default&#8221; phone_text_alignment=&#8221;default&#8221; column_border_width=&#8221;none&#8221; column_border_style=&#8221;solid&#8221; offset=&#8221;vc_hidden-sm vc_hidden-xs&#8221;][image_with_animation image_url=&#8221;6003&#8243;&#8230;<\/p>\n","protected":false},"author":1,"featured_media":0,"parent":0,"menu_order":0,"comment_status":"closed","ping_status":"closed","template":"","meta":{"footnotes":""},"class_list":["post-6364","page","type-page","status-publish"],"yoast_head":"<!-- This site is optimized with the Yoast SEO plugin v26.8 - https:\/\/yoast.com\/product\/yoast-seo-wordpress\/ -->\n<title>Credits - Singled [Out] Film<\/title>\n<meta name=\"robots\" content=\"index, follow, max-snippet:-1, max-image-preview:large, max-video-preview:-1\" \/>\n<link rel=\"canonical\" href=\"https:\/\/singledoutfilm.com\/en\/credits\/\" \/>\n<meta property=\"og:locale\" content=\"en_US\" \/>\n<meta property=\"og:type\" content=\"article\" \/>\n<meta property=\"og:title\" content=\"Credits - Singled [Out] Film\" \/>\n<meta property=\"og:description\" content=\"[vc_row type=&#8221;in_container&#8221; full_screen_row_position=&#8221;middle&#8221; equal_height=&#8221;yes&#8221; content_placement=&#8221;middle&#8221; scene_position=&#8221;center&#8221; text_color=&#8221;dark&#8221; text_align=&#8221;left&#8221; overlay_strength=&#8221;0.3&#8243; shape_divider_position=&#8221;bottom&#8221; shape_type=&#8221;&#8221;][vc_column column_padding=&#8221;no-extra-padding&#8221; column_padding_position=&#8221;all&#8221; background_color_opacity=&#8221;1&#8243; background_hover_color_opacity=&#8221;1&#8243; column_shadow=&#8221;none&#8221; column_border_radius=&#8221;none&#8221; width=&#8221;1\/4&#8243; tablet_text_alignment=&#8221;default&#8221; phone_text_alignment=&#8221;default&#8221; column_border_width=&#8221;none&#8221; column_border_style=&#8221;solid&#8221; offset=&#8221;vc_hidden-sm vc_hidden-xs&#8221;][image_with_animation image_url=&#8221;6003&#8243;...\" \/>\n<meta property=\"og:url\" content=\"https:\/\/singledoutfilm.com\/en\/credits\/\" \/>\n<meta property=\"og:site_name\" content=\"Singled [Out] Film\" \/>\n<meta property=\"article:modified_time\" content=\"2018-06-05T09:53:40+00:00\" \/>\n<meta name=\"twitter:card\" content=\"summary_large_image\" \/>\n<meta name=\"twitter:label1\" content=\"Est. reading time\" \/>\n\t<meta name=\"twitter:data1\" content=\"4 minutes\" \/>\n<script type=\"application\/ld+json\" class=\"yoast-schema-graph\">{\"@context\":\"https:\/\/schema.org\",\"@graph\":[{\"@type\":\"WebPage\",\"@id\":\"https:\/\/singledoutfilm.com\/en\/credits\/\",\"url\":\"https:\/\/singledoutfilm.com\/en\/credits\/\",\"name\":\"Credits - Singled [Out] Film\",\"isPartOf\":{\"@id\":\"https:\/\/singledoutfilm.com\/#website\"},\"datePublished\":\"2018-04-08T08:36:14+00:00\",\"dateModified\":\"2018-06-05T09:53:40+00:00\",\"breadcrumb\":{\"@id\":\"https:\/\/singledoutfilm.com\/en\/credits\/#breadcrumb\"},\"inLanguage\":\"en-US\",\"potentialAction\":[{\"@type\":\"ReadAction\",\"target\":[\"https:\/\/singledoutfilm.com\/en\/credits\/\"]}]},{\"@type\":\"BreadcrumbList\",\"@id\":\"https:\/\/singledoutfilm.com\/en\/credits\/#breadcrumb\",\"itemListElement\":[{\"@type\":\"ListItem\",\"position\":1,\"name\":\"Portada\",\"item\":\"https:\/\/singledoutfilm.com\/en\/\"},{\"@type\":\"ListItem\",\"position\":2,\"name\":\"Credits\"}]},{\"@type\":\"WebSite\",\"@id\":\"https:\/\/singledoutfilm.com\/#website\",\"url\":\"https:\/\/singledoutfilm.com\/\",\"name\":\"Singled [Out] Film\",\"description\":\"A documentary film by Mariona Guiu and Ariadna Relea\",\"publisher\":{\"@id\":\"https:\/\/singledoutfilm.com\/#organization\"},\"potentialAction\":[{\"@type\":\"SearchAction\",\"target\":{\"@type\":\"EntryPoint\",\"urlTemplate\":\"https:\/\/singledoutfilm.com\/?s={search_term_string}\"},\"query-input\":{\"@type\":\"PropertyValueSpecification\",\"valueRequired\":true,\"valueName\":\"search_term_string\"}}],\"inLanguage\":\"en-US\"},{\"@type\":\"Organization\",\"@id\":\"https:\/\/singledoutfilm.com\/#organization\",\"name\":\"Singled [Out] Film\",\"url\":\"https:\/\/singledoutfilm.com\/\",\"logo\":{\"@type\":\"ImageObject\",\"inLanguage\":\"en-US\",\"@id\":\"https:\/\/singledoutfilm.com\/#\/schema\/logo\/image\/\",\"url\":\"https:\/\/singledoutfilm.com\/wp-content\/uploads\/2018\/01\/singled-out-film-logo.png\",\"contentUrl\":\"https:\/\/singledoutfilm.com\/wp-content\/uploads\/2018\/01\/singled-out-film-logo.png\",\"width\":250,\"height\":94,\"caption\":\"Singled [Out] Film\"},\"image\":{\"@id\":\"https:\/\/singledoutfilm.com\/#\/schema\/logo\/image\/\"}}]}<\/script>\n<!-- \/ Yoast SEO plugin. -->","yoast_head_json":{"title":"Credits - Singled [Out] Film","robots":{"index":"index","follow":"follow","max-snippet":"max-snippet:-1","max-image-preview":"max-image-preview:large","max-video-preview":"max-video-preview:-1"},"canonical":"https:\/\/singledoutfilm.com\/en\/credits\/","og_locale":"en_US","og_type":"article","og_title":"Credits - Singled [Out] Film","og_description":"[vc_row type=&#8221;in_container&#8221; full_screen_row_position=&#8221;middle&#8221; equal_height=&#8221;yes&#8221; content_placement=&#8221;middle&#8221; scene_position=&#8221;center&#8221; text_color=&#8221;dark&#8221; text_align=&#8221;left&#8221; overlay_strength=&#8221;0.3&#8243; shape_divider_position=&#8221;bottom&#8221; shape_type=&#8221;&#8221;][vc_column column_padding=&#8221;no-extra-padding&#8221; column_padding_position=&#8221;all&#8221; background_color_opacity=&#8221;1&#8243; background_hover_color_opacity=&#8221;1&#8243; column_shadow=&#8221;none&#8221; column_border_radius=&#8221;none&#8221; width=&#8221;1\/4&#8243; tablet_text_alignment=&#8221;default&#8221; phone_text_alignment=&#8221;default&#8221; column_border_width=&#8221;none&#8221; column_border_style=&#8221;solid&#8221; offset=&#8221;vc_hidden-sm vc_hidden-xs&#8221;][image_with_animation image_url=&#8221;6003&#8243;...","og_url":"https:\/\/singledoutfilm.com\/en\/credits\/","og_site_name":"Singled [Out] Film","article_modified_time":"2018-06-05T09:53:40+00:00","twitter_card":"summary_large_image","twitter_misc":{"Est. reading time":"4 minutes"},"schema":{"@context":"https:\/\/schema.org","@graph":[{"@type":"WebPage","@id":"https:\/\/singledoutfilm.com\/en\/credits\/","url":"https:\/\/singledoutfilm.com\/en\/credits\/","name":"Credits - Singled [Out] Film","isPartOf":{"@id":"https:\/\/singledoutfilm.com\/#website"},"datePublished":"2018-04-08T08:36:14+00:00","dateModified":"2018-06-05T09:53:40+00:00","breadcrumb":{"@id":"https:\/\/singledoutfilm.com\/en\/credits\/#breadcrumb"},"inLanguage":"en-US","potentialAction":[{"@type":"ReadAction","target":["https:\/\/singledoutfilm.com\/en\/credits\/"]}]},{"@type":"BreadcrumbList","@id":"https:\/\/singledoutfilm.com\/en\/credits\/#breadcrumb","itemListElement":[{"@type":"ListItem","position":1,"name":"Portada","item":"https:\/\/singledoutfilm.com\/en\/"},{"@type":"ListItem","position":2,"name":"Credits"}]},{"@type":"WebSite","@id":"https:\/\/singledoutfilm.com\/#website","url":"https:\/\/singledoutfilm.com\/","name":"Singled [Out] Film","description":"A documentary film by Mariona Guiu and Ariadna Relea","publisher":{"@id":"https:\/\/singledoutfilm.com\/#organization"},"potentialAction":[{"@type":"SearchAction","target":{"@type":"EntryPoint","urlTemplate":"https:\/\/singledoutfilm.com\/?s={search_term_string}"},"query-input":{"@type":"PropertyValueSpecification","valueRequired":true,"valueName":"search_term_string"}}],"inLanguage":"en-US"},{"@type":"Organization","@id":"https:\/\/singledoutfilm.com\/#organization","name":"Singled [Out] Film","url":"https:\/\/singledoutfilm.com\/","logo":{"@type":"ImageObject","inLanguage":"en-US","@id":"https:\/\/singledoutfilm.com\/#\/schema\/logo\/image\/","url":"https:\/\/singledoutfilm.com\/wp-content\/uploads\/2018\/01\/singled-out-film-logo.png","contentUrl":"https:\/\/singledoutfilm.com\/wp-content\/uploads\/2018\/01\/singled-out-film-logo.png","width":250,"height":94,"caption":"Singled [Out] Film"},"image":{"@id":"https:\/\/singledoutfilm.com\/#\/schema\/logo\/image\/"}}]}},"_links":{"self":[{"href":"https:\/\/singledoutfilm.com\/en\/wp-json\/wp\/v2\/pages\/6364","targetHints":{"allow":["GET"]}}],"collection":[{"href":"https:\/\/singledoutfilm.com\/en\/wp-json\/wp\/v2\/pages"}],"about":[{"href":"https:\/\/singledoutfilm.com\/en\/wp-json\/wp\/v2\/types\/page"}],"author":[{"embeddable":true,"href":"https:\/\/singledoutfilm.com\/en\/wp-json\/wp\/v2\/users\/1"}],"replies":[{"embeddable":true,"href":"https:\/\/singledoutfilm.com\/en\/wp-json\/wp\/v2\/comments?post=6364"}],"version-history":[{"count":2,"href":"https:\/\/singledoutfilm.com\/en\/wp-json\/wp\/v2\/pages\/6364\/revisions"}],"predecessor-version":[{"id":6694,"href":"https:\/\/singledoutfilm.com\/en\/wp-json\/wp\/v2\/pages\/6364\/revisions\/6694"}],"wp:attachment":[{"href":"https:\/\/singledoutfilm.com\/en\/wp-json\/wp\/v2\/media?parent=6364"}],"curies":[{"name":"wp","href":"https:\/\/api.w.org\/{rel}","templated":true}]}}